{"id":876,"date":"2023-10-09T02:16:44","date_gmt":"2023-10-09T02:16:44","guid":{"rendered":"https:\/\/themeholy.com\/wordpress\/poolax\/?page_id=876"},"modified":"2024-02-27T22:01:52","modified_gmt":"2024-02-27T22:01:52","slug":"ofis-temizligi","status":"publish","type":"page","link":"https:\/\/seltemizlikunye.com\/?page_id=876","title":{"rendered":"Ofis Temizli\u011fi"},"content":{"rendered":"\t\t<div data-elementor-type=\"wp-page\" data-elementor-id=\"876\" class=\"elementor elementor-876\">\n\t\t\t\t<div class=\"elementor-element elementor-element-f7c4174 e-flex e-con-boxed e-con e-parent\" data-id=\"f7c4174\" data-element_type=\"container\">\n\t\t\t\t\t<div class=\"e-con-inner\">\n\t\t<div class=\"elementor-element elementor-element-9c6a2f0 e-con-full sidebar-area e-flex e-con e-child\" data-id=\"9c6a2f0\" data-element_type=\"container\">\n\t\t\r\n\t\t<div class=\"elementor-element elementor-element-bdb8452 elementor-widget elementor-widget-poolaxservicelist\" data-id=\"bdb8452\" data-element_type=\"widget\" data-widget_type=\"poolaxservicelist.default\">\n\t\t\t\t<div class=\"elementor-widget-container\">\n\t\t\t\t\t<div class=\"widget widget_categories  \"><h3 class=\"widget_title\">Hizmetlerimiz<\/h3><ul><li><a href=\"http:\/\/seltemizlikunye.com\/?page_id=2619\">Ev Temizli\u011fi<\/a><i class=\"fa-regular fa-arrow-right\"><\/i><\/li><li><a href=\"http:\/\/seltemizlikunye.com\/?page_id=2614\">\u0130n\u015faat Sonras\u0131 Temizlik<\/a><i class=\"fa-regular fa-arrow-right\"><\/i><\/li><li><a href=\"http:\/\/seltemizlikunye.com\/?page_id=876\">Ofis Temizli\u011fi<\/a><i class=\"fa-regular fa-arrow-right\"><\/i><\/li><li><a href=\"http:\/\/seltemizlikunye.com\/?page_id=2631\">Merdiven Temizli\u011fi<\/a><i class=\"fa-regular fa-arrow-right\"><\/i><\/li><\/ul><\/div>\t\t\t\t<\/div>\n\t\t\t\t<\/div>\n\t\t\t\t<div class=\"elementor-element elementor-element-eeb2e35 elementor-widget elementor-widget-poolaxoffer\" data-id=\"eeb2e35\" data-element_type=\"widget\" data-widget_type=\"poolaxoffer.default\">\n\t\t\t\t<div class=\"elementor-widget-container\">\n\t\t\t\t\t<div class=\"widget widget_offer style2\" data-bg-src=\"https:\/\/themeholy.com\/wordpress\/poolax\/wp-content\/uploads\/2023\/10\/widget_bg_1.jpg\"><div class=\"offer-banner\"><div class=\"banner-logo\"><img decoding=\"async\" src=\"http:\/\/seltemizlikunye.com\/wp-content\/uploads\/2024\/02\/Blue-Minimalist-Cleaning-Service-Logo-1-e1709067965907.png\" alt=\"Blue Minimalist Cleaning Service Logo 1 e1709067965907\"  \/><\/div><h5 class=\"banner-title\">Temizli\u011fe mi \u0130htiyac\u0131n\u0131z Var?<\/h5><div class=\"offer\"><h6 class=\"offer-title\"><span class=\"text-theme\">Sel Temizlik<\/span> <\/h6><p class=\"offer-text\">Sizin Yan\u0131n\u0131zda<\/p><\/div><a href=\"tel:+90542%20497%2062%2013\" class=\"th-btn th_btn\">\u0130leti\u015fime Ge\u00e7<\/a><\/div><\/div>\t\t\t\t<\/div>\n\t\t\t\t<\/div>\n\t\t\t\t<\/div>\n\t\t<div class=\"elementor-element elementor-element-ec4823d e-con-full e-flex e-con e-child\" data-id=\"ec4823d\" data-element_type=\"container\">\n\t\t<div class=\"elementor-element elementor-element-48260ca e-con-full e-flex e-con e-child\" data-id=\"48260ca\" data-element_type=\"container\" data-settings=\"{&quot;background_background&quot;:&quot;classic&quot;}\">\n\t\t\t\t<div class=\"elementor-element elementor-element-caae34d elementor-widget elementor-widget-image\" data-id=\"caae34d\" data-element_type=\"widget\" data-widget_type=\"image.default\">\n\t\t\t\t<div class=\"elementor-widget-container\">\n\t\t\t\t\t\t\t\t\t\t\t\t\t\t\t<img fetchpriority=\"high\" decoding=\"async\" width=\"1920\" height=\"1280\" src=\"https:\/\/seltemizlikunye.com\/wp-content\/uploads\/2023\/10\/towfiqu-barbhuiya-9gPKrsbGmc-unsplash.jpg\" class=\"attachment-full size-full wp-image-2581\" alt=\"\" srcset=\"https:\/\/seltemizlikunye.com\/wp-content\/uploads\/2023\/10\/towfiqu-barbhuiya-9gPKrsbGmc-unsplash.jpg 1920w, https:\/\/seltemizlikunye.com\/wp-content\/uploads\/2023\/10\/towfiqu-barbhuiya-9gPKrsbGmc-unsplash-600x400.jpg 600w, https:\/\/seltemizlikunye.com\/wp-content\/uploads\/2023\/10\/towfiqu-barbhuiya-9gPKrsbGmc-unsplash-300x200.jpg 300w, https:\/\/seltemizlikunye.com\/wp-content\/uploads\/2023\/10\/towfiqu-barbhuiya-9gPKrsbGmc-unsplash-1024x683.jpg 1024w, https:\/\/seltemizlikunye.com\/wp-content\/uploads\/2023\/10\/towfiqu-barbhuiya-9gPKrsbGmc-unsplash-768x512.jpg 768w, https:\/\/seltemizlikunye.com\/wp-content\/uploads\/2023\/10\/towfiqu-barbhuiya-9gPKrsbGmc-unsplash-1536x1024.jpg 1536w\" sizes=\"(max-width: 1920px) 100vw, 1920px\" \/>\t\t\t\t\t\t\t\t\t\t\t\t\t\t\t<\/div>\n\t\t\t\t<\/div>\n\t\t\t\t<div class=\"elementor-element elementor-element-e64fc0c elementor-widget elementor-widget-heading\" data-id=\"e64fc0c\" data-element_type=\"widget\" data-widget_type=\"heading.default\">\n\t\t\t\t<div class=\"elementor-widget-container\">\n\t\t\t\t\t<h2 class=\"elementor-heading-title elementor-size-default\">Ofis Temizli\u011fi<\/h2>\t\t\t\t<\/div>\n\t\t\t\t<\/div>\n\t\t\t\t<div class=\"elementor-element elementor-element-81cbbd5 elementor-widget elementor-widget-text-editor\" data-id=\"81cbbd5\" data-element_type=\"widget\" data-widget_type=\"text-editor.default\">\n\t\t\t\t<div class=\"elementor-widget-container\">\n\t\t\t\t\t\t\t\t\t<p><strong>Profesyonel Ofis Temizli\u011fi Ordu \u00dcnye&#8217;de!<\/strong><\/p><p>Ordu iline ba\u011fl\u0131 \u00dcnye il\u00e7esinde faaliyet g\u00f6steren Sel Temizlik, i\u015f yerlerinizi hijyenik ve konforlu bir ortama d\u00f6n\u00fc\u015ft\u00fcrmek i\u00e7in \u00f6zel ofis temizli\u011fi hizmeti sunmaktad\u0131r. Modern i\u015f d\u00fcnyas\u0131nda, temiz ve d\u00fczenli bir ofis sadece profesyonel bir imaj sa\u011flamakla kalmaz, ayn\u0131 zamanda \u00e7al\u0131\u015fanlar\u0131n verimlili\u011fini art\u0131r\u0131r. Sel Temizlik olarak, Ordu \u00dcnye&#8217;deki i\u015fletmelerinize \u00f6zel ofis temizli\u011fi \u00e7\u00f6z\u00fcmleri sunuyoruz.<\/p>\t\t\t\t\t\t\t\t<\/div>\n\t\t\t\t<\/div>\n\t\t\t\t<div class=\"elementor-element elementor-element-cfff592 elementor-widget elementor-widget-text-editor\" data-id=\"cfff592\" data-element_type=\"widget\" data-widget_type=\"text-editor.default\">\n\t\t\t\t<div class=\"elementor-widget-container\">\n\t\t\t\t\t\t\t\t\t<p><strong>Hizmet \u0130\u00e7eri\u011fi:<\/strong><\/p><ol><li><p><strong>Genel Ofis Temizli\u011fi:<\/strong> Sel Temizlik, ofislerinizin genel temizlik ihtiya\u00e7lar\u0131n\u0131 kar\u015f\u0131lamak i\u00e7in detayl\u0131 bir temizlik program\u0131 uygular. Bu, masa ve dolaplar\u0131n temizli\u011fi, zeminlerin s\u00fcp\u00fcr\u00fclmesi ve silinmesi, cam ve ayna y\u00fczeylerinin parlat\u0131lmas\u0131 gibi i\u015flemleri i\u00e7erir.<\/p><\/li><li><p><strong>Ofis Mobilya Temizli\u011fi:<\/strong> Ofis mobilyalar\u0131n\u0131z\u0131n temizli\u011fi, profesyonel bir g\u00f6r\u00fcnt\u00fc i\u00e7in \u00f6nemlidir. Sel Temizlik \u00dcnye, ofis mobilyalar\u0131n\u0131z\u0131 \u00f6zenle temizleyerek uzun \u00f6m\u00fcrl\u00fc ve estetik bir g\u00f6r\u00fcn\u00fcm sa\u011flar.<\/p><\/li><li><p><strong>Zemin Temizli\u011fi:<\/strong> Zemin temizli\u011fi, ofislerdeki genel temizlikte kilit bir unsurdur. Sel Temizlik, zemin kaplamalar\u0131n\u0131za uygun temizlik y\u00f6ntemleri ile hijyen sa\u011flar.<\/p><\/li><\/ol>\t\t\t\t\t\t\t\t<\/div>\n\t\t\t\t<\/div>\n\t\t\t\t<\/div>\n\t\t\t\t<\/div>\n\t\t\t\t\t<\/div>\n\t\t\t\t<\/div>\n\t\t\t\t<\/div>\n\t\t","protected":false},"excerpt":{"rendered":"<p>Hizmetlerimiz Ev Temizli\u011fi \u0130n\u015faat Sonras\u0131 Temizlik Ofis Temizli\u011fi Merdiven Temizli\u011fi Temizli\u011fe mi \u0130htiyac\u0131n\u0131z Var? Sel Temizlik Sizin Yan\u0131n\u0131zda \u0130leti\u015fime Ge\u00e7 Ofis Temizli\u011fi Profesyonel Ofis Temizli\u011fi Ordu \u00dcnye&#8217;de! Ordu iline ba\u011fl\u0131 \u00dcnye il\u00e7esinde faaliyet g\u00f6steren Sel Temizlik, i\u015f yerlerinizi hijyenik ve konforlu bir ortama d\u00f6n\u00fc\u015ft\u00fcrmek i\u00e7in \u00f6zel ofis temizli\u011fi hizmeti sunmaktad\u0131r. Modern i\u015f d\u00fcnyas\u0131nda, temiz ve&#8230;<\/p>\n","protected":false},"author":1,"featured_media":0,"parent":0,"menu_order":0,"comment_status":"closed","ping_status":"closed","template":"template-builder.php","meta":{"ngg_post_thumbnail":0,"footnotes":""},"_links":{"self":[{"href":"https:\/\/seltemizlikunye.com\/index.php?rest_route=\/wp\/v2\/pages\/876"}],"collection":[{"href":"https:\/\/seltemizlikunye.com\/index.php?rest_route=\/wp\/v2\/pages"}],"about":[{"href":"https:\/\/seltemizlikunye.com\/index.php?rest_route=\/wp\/v2\/types\/page"}],"author":[{"embeddable":true,"href":"https:\/\/seltemizlikunye.com\/index.php?rest_route=\/wp\/v2\/users\/1"}],"replies":[{"embeddable":true,"href":"https:\/\/seltemizlikunye.com\/index.php?rest_route=%2Fwp%2Fv2%2Fcomments&post=876"}],"version-history":[{"count":12,"href":"https:\/\/seltemizlikunye.com\/index.php?rest_route=\/wp\/v2\/pages\/876\/revisions"}],"predecessor-version":[{"id":2648,"href":"https:\/\/seltemizlikunye.com\/index.php?rest_route=\/wp\/v2\/pages\/876\/revisions\/2648"}],"wp:attachment":[{"href":"https:\/\/seltemizlikunye.com\/index.php?rest_route=%2Fwp%2Fv2%2Fmedia&parent=876"}],"curies":[{"name":"wp","href":"https:\/\/api.w.org\/{rel}","templated":true}]}}