{"id":29,"date":"2023-10-02T01:53:07","date_gmt":"2023-10-02T01:53:07","guid":{"rendered":"https:\/\/themeholy.com\/wordpress\/poolax\/?page_id=29"},"modified":"2024-02-27T20:35:51","modified_gmt":"2024-02-27T20:35:51","slug":"iletisim","status":"publish","type":"page","link":"https:\/\/seltemizlikunye.com\/?page_id=29","title":{"rendered":"\u0130leti\u015fim"},"content":{"rendered":"\t\t<div data-elementor-type=\"wp-page\" data-elementor-id=\"29\" class=\"elementor elementor-29\">\n\t\t\t\t<div class=\"elementor-element elementor-element-32134c4 e-flex e-con-boxed e-con e-parent\" data-id=\"32134c4\" data-element_type=\"container\" data-settings=\"{&quot;background_background&quot;:&quot;classic&quot;}\">\n\t\t\t\t\t<div class=\"e-con-inner\">\n\t\t<div class=\"elementor-element elementor-element-e44a193 e-con-full wow fadeInUp e-flex e-con e-child\" data-id=\"e44a193\" data-element_type=\"container\">\n\t\t\r\n\t\t<div class=\"elementor-element elementor-element-c6c9286 elementor-widget elementor-widget-poolaxsectiontitle\" data-id=\"c6c9286\" data-element_type=\"widget\" data-widget_type=\"poolaxsectiontitle.default\">\n\t\t\t\t<div class=\"elementor-widget-container\">\n\t\t\t\t\t<br \/>\n<b>Warning<\/b>:  Undefined array key \"section_align\" in <b>\/home\/u389087266\/domains\/seltemizlikunye.com\/public_html\/wp-content\/plugins\/poolax-core\/addons\/widgets\/poolax-section-title.php<\/b> on line <b>137<\/b><br \/>\n<br \/>\n<b>Warning<\/b>:  Undefined array key \"section_align\" in <b>\/home\/u389087266\/domains\/seltemizlikunye.com\/public_html\/wp-content\/plugins\/poolax-core\/addons\/widgets\/poolax-section-title.php<\/b> on line <b>139<\/b><br \/>\n<br \/>\n<b>Warning<\/b>:  Undefined array key \"section_align\" in <b>\/home\/u389087266\/domains\/seltemizlikunye.com\/public_html\/wp-content\/plugins\/poolax-core\/addons\/widgets\/poolax-section-title.php<\/b> on line <b>141<\/b><br \/>\n\t\t<div class=\"title-area  \">\r\n\t\t\t\t\t\t<h2 class=\"sec-title\">\u0130leti\u015fim Bilgileri<\/h2><p class=\"mb-0\">Herhangi bir sorunuz veya yorumunuz varsa, l\u00fctfen bizimle ileti\u015fime ge\u00e7mekten \u00e7ekinmeyin.\n\n<\/p>\t\t<\/div>\r\n\r\n\t\t\t\t\t<\/div>\n\t\t\t\t<\/div>\n\t\t\t\t<div class=\"elementor-element elementor-element-a458df4 elementor-widget elementor-widget-poolaxcontactinfo\" data-id=\"a458df4\" data-element_type=\"widget\" data-widget_type=\"poolaxcontactinfo.default\">\n\t\t\t\t<div class=\"elementor-widget-container\">\n\t\t\t\t\t<div class=\"contact-info-wrap\"><div class=\"contact-info\"><div class=\"contact-info_icon\"><i class=\"fa-light fa-location-dot\"><\/i><\/div><div class=\"media-body\"><h3 class=\"box-title label\">Adres<\/h3><span class=\"contact-info_text th-info\">liseler mah. fsm cd. 4.sok. No:28\/C Ordu\/\u00dcnye<\/span><\/div><\/div><div class=\"contact-info\"><div class=\"contact-info_icon\"><i class=\"fa-light fa-phone\"><\/i><\/div><div class=\"media-body\"><h3 class=\"box-title label\">Telefon<\/h3><span class=\"contact-info_text\"><a href=\"tel:05424976213\" class=\"text-inherit th-info\">0542 497 62 13<\/a><a href=\"tel:05378952591\" class=\"text-inherit th-info\">0537 895 25 91<\/a><\/span><\/div><\/div><div class=\"contact-info\"><div class=\"contact-info_icon\"><i class=\"fa-light fa-envelope\"><\/i><\/div><div class=\"media-body\"><h3 class=\"box-title label\">Email <\/h3><span class=\"contact-info_text\"><a href=\"mailto:info@seltemizlikunye.com\" class=\"th-info\">info@seltemizlikunye.com<\/a><a href=\"mailto:\" class=\"th-info\"><\/a><\/span><\/div><\/div><div class=\"contact-info\"><div class=\"contact-info_icon\"><i class=\"fa-light fa-clock\"><\/i><\/div><div class=\"media-body\"><h3 class=\"box-title label\">\u00c7al\u0131\u015fma Saaatleri<\/h3><span class=\"contact-info_text th-info\">Hafta \u0130\u00e7i : 09:00 - 18:00\nHafta Sonu: 09:00 - 14:00<\/span><\/div><\/div><\/div>\t\t\t\t<\/div>\n\t\t\t\t<\/div>\n\t\t\t\t<div class=\"elementor-element elementor-element-cb375ac elementor-widget elementor-widget-poolaxsocial\" data-id=\"cb375ac\" data-element_type=\"widget\" data-widget_type=\"poolaxsocial.default\">\n\t\t\t\t<div class=\"elementor-widget-container\">\n\t\t\t\t\t<h5 class=\"mt-35 th-title\">Sosyal Medya Hesaplar\u0131m\u0131z\n<\/h5><p class=\"th-desc\">Bizleri a\u015fa\u011f\u0131daki linklere t\u0131klayarak takip edebilirsiniz\n\n<\/p><div class=\"th-social  footer-social style2\"><a  rel=\"nofollow\" href=\"https:\/\/www.facebook.com\/seltemizlikunye\"><i aria-hidden=\"true\" class=\"fab fa-facebook-f\"><\/i><\/a> <a  rel=\"nofollow\" href=\"https:\/\/www.instagram.com\/seltemizlikunye\"><i aria-hidden=\"true\" class=\"fab fa-instagram\"><\/i><\/a> <\/div>\t\t\t\t<\/div>\n\t\t\t\t<\/div>\n\t\t\t\t<\/div>\n\t\t<div class=\"elementor-element elementor-element-6c6eaad e-con-full e-flex e-con e-child\" data-id=\"6c6eaad\" data-element_type=\"container\">\n\t\t\t\t<div class=\"elementor-element elementor-element-de0104b elementor-widget elementor-widget-poolaxcontactform\" data-id=\"de0104b\" data-element_type=\"widget\" data-widget_type=\"poolaxcontactform.default\">\n\t\t\t\t<div class=\"elementor-widget-container\">\n\t\t\t\t\t<div class=\"contact-form-wrapper\"><div class=\"contact-form ajax-contact\"><h3 class=\"form-title text-center th-title\">\u0130leti\u015fim<\/h3>\n<div class=\"wpcf7 no-js\" id=\"wpcf7-f1523-o1\" lang=\"en-US\" dir=\"ltr\">\n<div class=\"screen-reader-response\"><p role=\"status\" aria-live=\"polite\" aria-atomic=\"true\"><\/p> <ul><\/ul><\/div>\n<form action=\"\/index.php?rest_route=%2Fwp%2Fv2%2Fpages%2F29#wpcf7-f1523-o1\" method=\"post\" class=\"wpcf7-form init\" aria-label=\"Contact form\" novalidate=\"novalidate\" data-status=\"init\">\n<div style=\"display: none;\">\n<input type=\"hidden\" name=\"_wpcf7\" value=\"1523\" \/>\n<input type=\"hidden\" name=\"_wpcf7_version\" value=\"5.9.8\" \/>\n<input type=\"hidden\" name=\"_wpcf7_locale\" value=\"en_US\" \/>\n<input type=\"hidden\" name=\"_wpcf7_unit_tag\" value=\"wpcf7-f1523-o1\" \/>\n<input type=\"hidden\" name=\"_wpcf7_container_post\" value=\"0\" \/>\n<input type=\"hidden\" name=\"_wpcf7_posted_data_hash\" value=\"\" \/>\n<\/div>\n<div class=\"row\">\n    <div class=\"form-group col-12\">\n        <i class=\"fa-sharp fa-light fa-user\"><\/i>\n<span class=\"wpcf7-form-control-wrap\" data-name=\"text-650\"><input size=\"40\" maxlength=\"400\" class=\"wpcf7-form-control wpcf7-text wpcf7-validates-as-required form-control\" aria-required=\"true\" aria-invalid=\"false\" placeholder=\"Your Name\" value=\"\" type=\"text\" name=\"text-650\" \/><\/span>\n    <\/div>\n    <div class=\"form-group col-12\">\n        <i class=\"fa-sharp fa-regular fa-envelope\"><\/i>\n<span class=\"wpcf7-form-control-wrap\" data-name=\"email-950\"><input size=\"40\" maxlength=\"400\" class=\"wpcf7-form-control wpcf7-email wpcf7-validates-as-required wpcf7-text wpcf7-validates-as-email form-control\" aria-required=\"true\" aria-invalid=\"false\" placeholder=\"Email Address\" value=\"\" type=\"email\" name=\"email-950\" \/><\/span>\n    <\/div>\n    <div class=\"form-group col-12\">\n<span class=\"wpcf7-form-control-wrap\" data-name=\"number-290\"><input class=\"wpcf7-form-control wpcf7-number wpcf7-validates-as-required wpcf7-validates-as-number form-control\" aria-required=\"true\" aria-invalid=\"false\" placeholder=\"Phone Number\" value=\"\" type=\"number\" name=\"number-290\" \/><\/span>\n        <i class=\"fal fa-phone\"><\/i>\n    <\/div>\n    <div class=\"form-group col-12\">\n        <i class=\"fal fa-comment\"><\/i>\n<span class=\"wpcf7-form-control-wrap\" data-name=\"textarea-850\"><textarea cols=\"40\" rows=\"10\" maxlength=\"2000\" class=\"wpcf7-form-control wpcf7-textarea wpcf7-validates-as-required form-control\" id=\"message\" aria-required=\"true\" aria-invalid=\"false\" placeholder=\"Message\" name=\"textarea-850\"><\/textarea><\/span>\n    <\/div>\n    <div class=\"form-btn col-12\">\n        <button class=\"th-btn fw-btn wpcf7\">Send Messages Now<\/button>\n    <\/div>\n<\/div>\n<p class=\"form-messages mb-0 mt-3\"><\/p><div class=\"wpcf7-response-output\" aria-hidden=\"true\"><\/div>\n<\/form>\n<\/div>\n<\/div><\/div>\t\t\t\t<\/div>\n\t\t\t\t<\/div>\n\t\t\t\t<\/div>\n\t\t\t\t\t<\/div>\n\t\t\t\t<\/div>\n\t\t<div class=\"elementor-element elementor-element-3c2e06f e-con-full e-flex e-con e-parent\" data-id=\"3c2e06f\" data-element_type=\"container\">\n\t\t\t\t<div class=\"elementor-element elementor-element-cbf9c16 map-sec elementor-widget elementor-widget-google_maps\" data-id=\"cbf9c16\" data-element_type=\"widget\" data-widget_type=\"google_maps.default\">\n\t\t\t\t<div class=\"elementor-widget-container\">\n\t\t\t\t\t\t\t<div class=\"elementor-custom-embed\">\n\t\t\t<iframe loading=\"lazy\"\n\t\t\t\t\tsrc=\"https:\/\/maps.google.com\/maps?q=sel%20temizlik%20%C3%BCnye&#038;t=m&#038;z=10&#038;output=embed&#038;iwloc=near\"\n\t\t\t\t\ttitle=\"sel temizlik \u00fcnye\"\n\t\t\t\t\taria-label=\"sel temizlik \u00fcnye\"\n\t\t\t><\/iframe>\n\t\t<\/div>\n\t\t\t\t\t\t<\/div>\n\t\t\t\t<\/div>\n\t\t\t\t<\/div>\n\t\t\t\t<\/div>\n\t\t","protected":false},"excerpt":{"rendered":"<p>\u0130leti\u015fim Bilgileri Herhangi bir sorunuz veya yorumunuz varsa, l\u00fctfen bizimle ileti\u015fime ge\u00e7mekten \u00e7ekinmeyin. Adres liseler mah. fsm cd. 4.sok. No:28\/C Ordu\/\u00dcnye Telefon 0542 497 62 130537 895 25 91 Email info@seltemizlikunye.com \u00c7al\u0131\u015fma Saaatleri Hafta \u0130\u00e7i : 09:00 &#8211; 18:00 Hafta Sonu: 09:00 &#8211; 14:00 Sosyal Medya Hesaplar\u0131m\u0131z Bizleri a\u015fa\u011f\u0131daki linklere t\u0131klayarak takip edebilirsiniz \u0130leti\u015fim Send&#8230;<\/p>\n","protected":false},"author":1,"featured_media":0,"parent":0,"menu_order":0,"comment_status":"closed","ping_status":"closed","template":"template-builder.php","meta":{"ngg_post_thumbnail":0,"footnotes":""},"_links":{"self":[{"href":"https:\/\/seltemizlikunye.com\/index.php?rest_route=\/wp\/v2\/pages\/29"}],"collection":[{"href":"https:\/\/seltemizlikunye.com\/index.php?rest_route=\/wp\/v2\/pages"}],"about":[{"href":"https:\/\/seltemizlikunye.com\/index.php?rest_route=\/wp\/v2\/types\/page"}],"author":[{"embeddable":true,"href":"https:\/\/seltemizlikunye.com\/index.php?rest_route=\/wp\/v2\/users\/1"}],"replies":[{"embeddable":true,"href":"https:\/\/seltemizlikunye.com\/index.php?rest_route=%2Fwp%2Fv2%2Fcomments&post=29"}],"version-history":[{"count":4,"href":"https:\/\/seltemizlikunye.com\/index.php?rest_route=\/wp\/v2\/pages\/29\/revisions"}],"predecessor-version":[{"id":2565,"href":"https:\/\/seltemizlikunye.com\/index.php?rest_route=\/wp\/v2\/pages\/29\/revisions\/2565"}],"wp:attachment":[{"href":"https:\/\/seltemizlikunye.com\/index.php?rest_route=%2Fwp%2Fv2%2Fmedia&parent=29"}],"curies":[{"name":"wp","href":"https:\/\/api.w.org\/{rel}","templated":true}]}}