{"id":2631,"date":"2024-02-27T21:51:25","date_gmt":"2024-02-27T21:51:25","guid":{"rendered":"http:\/\/seltemizlikunye.com\/?page_id=2631"},"modified":"2024-02-27T22:00:42","modified_gmt":"2024-02-27T22:00:42","slug":"merdiven-temizligi","status":"publish","type":"page","link":"https:\/\/seltemizlikunye.com\/?page_id=2631","title":{"rendered":"Merdiven Temizli\u011fi"},"content":{"rendered":"\t\t<div data-elementor-type=\"wp-page\" data-elementor-id=\"2631\" class=\"elementor elementor-2631\">\n\t\t\t\t<div class=\"elementor-element elementor-element-f7c4174 e-flex e-con-boxed e-con e-parent\" data-id=\"f7c4174\" data-element_type=\"container\">\n\t\t\t\t\t<div class=\"e-con-inner\">\n\t\t<div class=\"elementor-element elementor-element-9c6a2f0 e-con-full sidebar-area e-flex e-con e-child\" data-id=\"9c6a2f0\" data-element_type=\"container\">\n\t\t\r\n\t\t<div class=\"elementor-element elementor-element-bdb8452 elementor-widget elementor-widget-poolaxservicelist\" data-id=\"bdb8452\" data-element_type=\"widget\" data-widget_type=\"poolaxservicelist.default\">\n\t\t\t\t<div class=\"elementor-widget-container\">\n\t\t\t\t\t<div class=\"widget widget_categories  \"><h3 class=\"widget_title\">Hizmetlerimiz<\/h3><ul><li><a href=\"http:\/\/seltemizlikunye.com\/?page_id=2619\">Ev Temizli\u011fi<\/a><i class=\"fa-regular fa-arrow-right\"><\/i><\/li><li><a href=\"http:\/\/seltemizlikunye.com\/?page_id=2614\">\u0130n\u015faat Sonras\u0131 Temizlik<\/a><i class=\"fa-regular fa-arrow-right\"><\/i><\/li><li><a href=\"http:\/\/seltemizlikunye.com\/?page_id=876\">Ofis Temizli\u011fi<\/a><i class=\"fa-regular fa-arrow-right\"><\/i><\/li><li><a href=\"http:\/\/seltemizlikunye.com\/?page_id=2631\">Merdiven Temizli\u011fi<\/a><i class=\"fa-regular fa-arrow-right\"><\/i><\/li><\/ul><\/div>\t\t\t\t<\/div>\n\t\t\t\t<\/div>\n\t\t\t\t<div class=\"elementor-element elementor-element-eeb2e35 elementor-widget elementor-widget-poolaxoffer\" data-id=\"eeb2e35\" data-element_type=\"widget\" data-widget_type=\"poolaxoffer.default\">\n\t\t\t\t<div class=\"elementor-widget-container\">\n\t\t\t\t\t<div class=\"widget widget_offer style2\" data-bg-src=\"https:\/\/themeholy.com\/wordpress\/poolax\/wp-content\/uploads\/2023\/10\/widget_bg_1.jpg\"><div class=\"offer-banner\"><div class=\"banner-logo\"><img decoding=\"async\" src=\"http:\/\/seltemizlikunye.com\/wp-content\/uploads\/2024\/02\/Blue-Minimalist-Cleaning-Service-Logo-1-e1709067965907.png\" alt=\"Blue Minimalist Cleaning Service Logo 1 e1709067965907\"  \/><\/div><h5 class=\"banner-title\">Temizli\u011fe mi \u0130htiyac\u0131n\u0131z Var?<\/h5><div class=\"offer\"><h6 class=\"offer-title\"><span class=\"text-theme\">Sel Temizlik<\/span> <\/h6><p class=\"offer-text\">Sizin Yan\u0131n\u0131zda<\/p><\/div><a href=\"tel:+90542%20497%2062%2013\" class=\"th-btn th_btn\">\u0130leti\u015fime Ge\u00e7<\/a><\/div><\/div>\t\t\t\t<\/div>\n\t\t\t\t<\/div>\n\t\t\t\t<\/div>\n\t\t<div class=\"elementor-element elementor-element-ec4823d e-con-full e-flex e-con e-child\" data-id=\"ec4823d\" data-element_type=\"container\">\n\t\t<div class=\"elementor-element elementor-element-48260ca e-con-full e-flex e-con e-child\" data-id=\"48260ca\" data-element_type=\"container\" data-settings=\"{&quot;background_background&quot;:&quot;classic&quot;}\">\n\t\t\t\t<div class=\"elementor-element elementor-element-caae34d elementor-widget elementor-widget-image\" data-id=\"caae34d\" data-element_type=\"widget\" data-widget_type=\"image.default\">\n\t\t\t\t<div class=\"elementor-widget-container\">\n\t\t\t\t\t\t\t\t\t\t\t\t\t\t\t<img fetchpriority=\"high\" decoding=\"async\" width=\"626\" height=\"416\" src=\"https:\/\/seltemizlikunye.com\/wp-content\/uploads\/2024\/02\/merdiven.jpg\" class=\"attachment-full size-full wp-image-2633\" alt=\"\" srcset=\"https:\/\/seltemizlikunye.com\/wp-content\/uploads\/2024\/02\/merdiven.jpg 626w, https:\/\/seltemizlikunye.com\/wp-content\/uploads\/2024\/02\/merdiven-300x199.jpg 300w, https:\/\/seltemizlikunye.com\/wp-content\/uploads\/2024\/02\/merdiven-600x399.jpg 600w\" sizes=\"(max-width: 626px) 100vw, 626px\" \/>\t\t\t\t\t\t\t\t\t\t\t\t\t\t\t<\/div>\n\t\t\t\t<\/div>\n\t\t\t\t<div class=\"elementor-element elementor-element-e64fc0c elementor-widget elementor-widget-heading\" data-id=\"e64fc0c\" data-element_type=\"widget\" data-widget_type=\"heading.default\">\n\t\t\t\t<div class=\"elementor-widget-container\">\n\t\t\t\t\t<h2 class=\"elementor-heading-title elementor-size-default\">Merdiven Temizli\u011fi<\/h2>\t\t\t\t<\/div>\n\t\t\t\t<\/div>\n\t\t\t\t<div class=\"elementor-element elementor-element-81cbbd5 elementor-widget elementor-widget-text-editor\" data-id=\"81cbbd5\" data-element_type=\"widget\" data-widget_type=\"text-editor.default\">\n\t\t\t\t<div class=\"elementor-widget-container\">\n\t\t\t\t\t\t\t\t\t<p><strong>Ordu \u00dcnye Merdiven Temizli\u011fi: G\u00fcvenilir ve Profesyonel Hizmet<\/strong><\/p><p>Sel Temizlik, Ordu \u00dcnye b\u00f6lgesindeki evlerin ve i\u015f yerlerinin merdivenlerinin temizli\u011fi konusunda uzmanla\u015fm\u0131\u015f bir firma olarak sizlere profesyonel hizmet sunmaktad\u0131r. Merdivenler, s\u0131kl\u0131kla kullan\u0131lan alanlar olup temiz ve bak\u0131ml\u0131 olmalar\u0131, hem estetik bir g\u00f6r\u00fcnt\u00fc sa\u011flar hem de g\u00fcvenli bir ya\u015fam alan\u0131 olu\u015fturur. Google aramalar\u0131nda \u00f6ne \u00e7\u0131kmak ve Ordu \u00dcnye&#8217;deki m\u00fc\u015fterilere etkili bir \u015fekilde ula\u015fmak i\u00e7in \u00f6zel merdiven temizli\u011fi hizmet i\u00e7eri\u011fimizi sizinle payla\u015f\u0131yoruz.<\/p>\t\t\t\t\t\t\t\t<\/div>\n\t\t\t\t<\/div>\n\t\t\t\t<div class=\"elementor-element elementor-element-cfff592 elementor-widget elementor-widget-text-editor\" data-id=\"cfff592\" data-element_type=\"widget\" data-widget_type=\"text-editor.default\">\n\t\t\t\t<div class=\"elementor-widget-container\">\n\t\t\t\t\t\t\t\t\t<p><strong>Merdiven Temizli\u011fi Hizmet \u0130\u00e7eri\u011fi:<\/strong><\/p><ol><li><p><strong>Toz Alma ve Y\u00fczey Temizli\u011fi:<\/strong> Merdivenler, g\u00fcnl\u00fck kullan\u0131mdan dolay\u0131 toz, kir ve lekelerle kolayca kirlenir. Sel Temizlik, merdivenlerinizi detayl\u0131 bir \u015fekilde temizleyerek toz alma ve y\u00fczey temizli\u011fi sa\u011flar.<\/p><\/li><li><p><strong>Zemin Temizli\u011fi:<\/strong> Merdiven basamaklar\u0131ndaki zemin malzemelerine uygun temizlik y\u00f6ntemleriyle hijyen sa\u011flar\u0131z. Ah\u015fap, seramik, hal\u0131 veya di\u011fer zemin kaplamalar\u0131 fark etmeksizin her t\u00fcrl\u00fc y\u00fczeyi \u00f6zenle temizleriz.<\/p><\/li><li><p><strong>Pas ve Lekelerin Temizlenmesi:<\/strong> Merdivenlerde zamanla olu\u015fan pas ve lekeler, temiz bir g\u00f6r\u00fcnt\u00fcy\u00fc engeller. Sel Temizlik, bu t\u00fcr sorunlar\u0131 profesyonel \u00e7\u00f6z\u00fcmlerle temizleyerek merdivenlerinizi yeniden parlat\u0131r.<\/p><\/li><li><p><strong>Merdiven Korkuluk Temizli\u011fi:<\/strong> Merdiven korkuluklar\u0131 da \u00f6nemli bir detayd\u0131r. Sel Temizlik, korkuluklar\u0131 temizleyerek estetik ve hijyenik bir g\u00f6r\u00fcnt\u00fc sa\u011flar.<\/p><\/li><\/ol>\t\t\t\t\t\t\t\t<\/div>\n\t\t\t\t<\/div>\n\t\t\t\t<\/div>\n\t\t\t\t<\/div>\n\t\t\t\t\t<\/div>\n\t\t\t\t<\/div>\n\t\t\t\t<\/div>\n\t\t","protected":false},"excerpt":{"rendered":"<p>Hizmetlerimiz Ev Temizli\u011fi \u0130n\u015faat Sonras\u0131 Temizlik Ofis Temizli\u011fi Merdiven Temizli\u011fi Temizli\u011fe mi \u0130htiyac\u0131n\u0131z Var? Sel Temizlik Sizin Yan\u0131n\u0131zda \u0130leti\u015fime Ge\u00e7 Merdiven Temizli\u011fi Ordu \u00dcnye Merdiven Temizli\u011fi: G\u00fcvenilir ve Profesyonel Hizmet Sel Temizlik, Ordu \u00dcnye b\u00f6lgesindeki evlerin ve i\u015f yerlerinin merdivenlerinin temizli\u011fi konusunda uzmanla\u015fm\u0131\u015f bir firma olarak sizlere profesyonel hizmet sunmaktad\u0131r. Merdivenler, s\u0131kl\u0131kla kullan\u0131lan alanlar olup&#8230;<\/p>\n","protected":false},"author":1,"featured_media":0,"parent":0,"menu_order":0,"comment_status":"closed","ping_status":"closed","template":"template-builder.php","meta":{"ngg_post_thumbnail":0,"footnotes":""},"_links":{"self":[{"href":"https:\/\/seltemizlikunye.com\/index.php?rest_route=\/wp\/v2\/pages\/2631"}],"collection":[{"href":"https:\/\/seltemizlikunye.com\/index.php?rest_route=\/wp\/v2\/pages"}],"about":[{"href":"https:\/\/seltemizlikunye.com\/index.php?rest_route=\/wp\/v2\/types\/page"}],"author":[{"embeddable":true,"href":"https:\/\/seltemizlikunye.com\/index.php?rest_route=\/wp\/v2\/users\/1"}],"replies":[{"embeddable":true,"href":"https:\/\/seltemizlikunye.com\/index.php?rest_route=%2Fwp%2Fv2%2Fcomments&post=2631"}],"version-history":[{"count":7,"href":"https:\/\/seltemizlikunye.com\/index.php?rest_route=\/wp\/v2\/pages\/2631\/revisions"}],"predecessor-version":[{"id":2645,"href":"https:\/\/seltemizlikunye.com\/index.php?rest_route=\/wp\/v2\/pages\/2631\/revisions\/2645"}],"wp:attachment":[{"href":"https:\/\/seltemizlikunye.com\/index.php?rest_route=%2Fwp%2Fv2%2Fmedia&parent=2631"}],"curies":[{"name":"wp","href":"https:\/\/api.w.org\/{rel}","templated":true}]}}