{"id":2619,"date":"2024-02-27T21:42:01","date_gmt":"2024-02-27T21:42:01","guid":{"rendered":"http:\/\/seltemizlikunye.com\/?page_id=2619"},"modified":"2024-02-27T21:58:18","modified_gmt":"2024-02-27T21:58:18","slug":"ev-temizligi","status":"publish","type":"page","link":"https:\/\/seltemizlikunye.com\/?page_id=2619","title":{"rendered":"Ev Temizli\u011fi"},"content":{"rendered":"\t\t<div data-elementor-type=\"wp-page\" data-elementor-id=\"2619\" class=\"elementor elementor-2619\">\n\t\t\t\t<div class=\"elementor-element elementor-element-f7c4174 e-flex e-con-boxed e-con e-parent\" data-id=\"f7c4174\" data-element_type=\"container\">\n\t\t\t\t\t<div class=\"e-con-inner\">\n\t\t<div class=\"elementor-element elementor-element-9c6a2f0 e-con-full sidebar-area e-flex e-con e-child\" data-id=\"9c6a2f0\" data-element_type=\"container\">\n\t\t\r\n\t\t<div class=\"elementor-element elementor-element-bdb8452 elementor-widget elementor-widget-poolaxservicelist\" data-id=\"bdb8452\" data-element_type=\"widget\" data-widget_type=\"poolaxservicelist.default\">\n\t\t\t\t<div class=\"elementor-widget-container\">\n\t\t\t\t\t<div class=\"widget widget_categories  \"><h3 class=\"widget_title\">Hizmetlerimiz<\/h3><ul><li><a href=\"http:\/\/seltemizlikunye.com\/?page_id=2619\">Ev Temizli\u011fi<\/a><i class=\"fa-regular fa-arrow-right\"><\/i><\/li><li><a href=\"http:\/\/seltemizlikunye.com\/?page_id=2614\">\u0130n\u015faat Sonras\u0131 Temizlik<\/a><i class=\"fa-regular fa-arrow-right\"><\/i><\/li><li><a href=\"http:\/\/seltemizlikunye.com\/?page_id=876\">Ofis Temizli\u011fi<\/a><i class=\"fa-regular fa-arrow-right\"><\/i><\/li><li><a href=\"http:\/\/seltemizlikunye.com\/?page_id=2631\">Merdiven Temizli\u011fi<\/a><i class=\"fa-regular fa-arrow-right\"><\/i><\/li><\/ul><\/div>\t\t\t\t<\/div>\n\t\t\t\t<\/div>\n\t\t\t\t<div class=\"elementor-element elementor-element-eeb2e35 elementor-widget elementor-widget-poolaxoffer\" data-id=\"eeb2e35\" data-element_type=\"widget\" data-widget_type=\"poolaxoffer.default\">\n\t\t\t\t<div class=\"elementor-widget-container\">\n\t\t\t\t\t<div class=\"widget widget_offer style2\" data-bg-src=\"https:\/\/themeholy.com\/wordpress\/poolax\/wp-content\/uploads\/2023\/10\/widget_bg_1.jpg\"><div class=\"offer-banner\"><div class=\"banner-logo\"><img decoding=\"async\" src=\"http:\/\/seltemizlikunye.com\/wp-content\/uploads\/2024\/02\/Blue-Minimalist-Cleaning-Service-Logo-1-e1709067965907.png\" alt=\"Blue Minimalist Cleaning Service Logo 1 e1709067965907\"  \/><\/div><h5 class=\"banner-title\">Temizli\u011fe mi \u0130htiyac\u0131n\u0131z Var?<\/h5><div class=\"offer\"><h6 class=\"offer-title\"><span class=\"text-theme\">Sel Temizlik<\/span> <\/h6><p class=\"offer-text\">Sizin Yan\u0131n\u0131zda<\/p><\/div><a href=\"tel:+90542%20497%2062%2013\" class=\"th-btn th_btn\">\u0130leti\u015fime Ge\u00e7<\/a><\/div><\/div>\t\t\t\t<\/div>\n\t\t\t\t<\/div>\n\t\t\t\t<\/div>\n\t\t<div class=\"elementor-element elementor-element-ec4823d e-con-full e-flex e-con e-child\" data-id=\"ec4823d\" data-element_type=\"container\">\n\t\t<div class=\"elementor-element elementor-element-48260ca e-con-full e-flex e-con e-child\" data-id=\"48260ca\" data-element_type=\"container\" data-settings=\"{&quot;background_background&quot;:&quot;classic&quot;}\">\n\t\t\t\t<div class=\"elementor-element elementor-element-caae34d elementor-widget elementor-widget-image\" data-id=\"caae34d\" data-element_type=\"widget\" data-widget_type=\"image.default\">\n\t\t\t\t<div class=\"elementor-widget-container\">\n\t\t\t\t\t\t\t\t\t\t\t\t\t\t\t<img fetchpriority=\"high\" decoding=\"async\" width=\"640\" height=\"440\" src=\"https:\/\/seltemizlikunye.com\/wp-content\/uploads\/2024\/02\/temizlikunye.webp\" class=\"attachment-full size-full wp-image-2557\" alt=\"\" srcset=\"https:\/\/seltemizlikunye.com\/wp-content\/uploads\/2024\/02\/temizlikunye.webp 640w, https:\/\/seltemizlikunye.com\/wp-content\/uploads\/2024\/02\/temizlikunye-600x413.webp 600w, https:\/\/seltemizlikunye.com\/wp-content\/uploads\/2024\/02\/temizlikunye-300x206.webp 300w\" sizes=\"(max-width: 640px) 100vw, 640px\" \/>\t\t\t\t\t\t\t\t\t\t\t\t\t\t\t<\/div>\n\t\t\t\t<\/div>\n\t\t\t\t<div class=\"elementor-element elementor-element-e64fc0c elementor-widget elementor-widget-heading\" data-id=\"e64fc0c\" data-element_type=\"widget\" data-widget_type=\"heading.default\">\n\t\t\t\t<div class=\"elementor-widget-container\">\n\t\t\t\t\t<h2 class=\"elementor-heading-title elementor-size-default\">Ev Temizli\u011fi<\/h2>\t\t\t\t<\/div>\n\t\t\t\t<\/div>\n\t\t\t\t<div class=\"elementor-element elementor-element-81cbbd5 elementor-widget elementor-widget-text-editor\" data-id=\"81cbbd5\" data-element_type=\"widget\" data-widget_type=\"text-editor.default\">\n\t\t\t\t<div class=\"elementor-widget-container\">\n\t\t\t\t\t\t\t\t\t<p>\u00a0<\/p><p><strong>Ordu \u00dcnye Ev Temizli\u011fi: Profesyonel ve G\u00fcvenilir Hizmet<\/strong><\/p><p>Sel Temizlik, Ordu \u00dcnye b\u00f6lgesindeki evlerin ihtiya\u00e7lar\u0131na \u00f6zel, profesyonel ve g\u00fcvenilir ev temizli\u011fi hizmeti sunmaktad\u0131r. Evlerinizdeki temizlik ihtiya\u00e7lar\u0131n\u0131za \u00e7\u00f6z\u00fcm bulmak, sadece temiz bir \u00e7evre sa\u011flamakla kalmaz, ayn\u0131 zamanda ya\u015fam kalitenizi art\u0131r\u0131r. Google aramalar\u0131nda \u00f6ne \u00e7\u0131kmak ve Ordu \u00dcnye&#8217;deki m\u00fc\u015fterilere etkili bir \u015fekilde ula\u015fmak i\u00e7in \u00f6zel ev temizli\u011fi hizmet i\u00e7eri\u011fimizi sizinle payla\u015f\u0131yoruz.<\/p>\t\t\t\t\t\t\t\t<\/div>\n\t\t\t\t<\/div>\n\t\t\t\t<div class=\"elementor-element elementor-element-cfff592 elementor-widget elementor-widget-text-editor\" data-id=\"cfff592\" data-element_type=\"widget\" data-widget_type=\"text-editor.default\">\n\t\t\t\t<div class=\"elementor-widget-container\">\n\t\t\t\t\t\t\t\t\t<p><strong>Ev Temizli\u011fi Hizmet \u0130\u00e7eri\u011fi:<\/strong><\/p><ol><li><p><strong>Genel Ev Temizli\u011fi:<\/strong> Sel Temizlik, evinizin her k\u00f6\u015fesini detayl\u0131 bir \u015fekilde temizleyerek hijyenik bir ya\u015fam alan\u0131 olu\u015fturur. Bu, toz alma, y\u00fczey temizli\u011fi, zemin temizli\u011fi ve genel d\u00fczenleme i\u015flemlerini i\u00e7erir.<\/p><\/li><li><p><strong>Mutfak Temizli\u011fi:<\/strong> Mutfak, evin en \u00f6nemli alanlar\u0131ndan biridir. Sel Temizlik, mutfak tezgahlar\u0131ndan f\u0131r\u0131n temizli\u011fine kadar her detay\u0131 d\u00fc\u015f\u00fcnerek hijyenik bir mutfak ortam\u0131 sa\u011flar.<\/p><\/li><li><p><strong>Banyo Temizli\u011fi:<\/strong> Banyo, \u00f6zel bir temizlik gerektiren bir aland\u0131r. Sel Temizlik, banyonuzdaki fayanslardan du\u015fakabin temizli\u011fine kadar her detay\u0131 \u00f6zenle temizler.<\/p><\/li><li><p><strong>Hal\u0131 ve Koltuk Temizli\u011fi:<\/strong> Evdeki hal\u0131 ve koltuklar\u0131n temizli\u011fi, hem g\u00f6rsel esteti\u011fi hem de sa\u011fl\u0131\u011f\u0131 etkiler. Sel Temizlik, hal\u0131 ve koltuk temizli\u011finde profesyonel \u00e7\u00f6z\u00fcmler sunar.<\/p><\/li><\/ol>\t\t\t\t\t\t\t\t<\/div>\n\t\t\t\t<\/div>\n\t\t\t\t<\/div>\n\t\t\t\t<\/div>\n\t\t\t\t\t<\/div>\n\t\t\t\t<\/div>\n\t\t\t\t<\/div>\n\t\t","protected":false},"excerpt":{"rendered":"<p>Hizmetlerimiz Ev Temizli\u011fi \u0130n\u015faat Sonras\u0131 Temizlik Ofis Temizli\u011fi Merdiven Temizli\u011fi Temizli\u011fe mi \u0130htiyac\u0131n\u0131z Var? Sel Temizlik Sizin Yan\u0131n\u0131zda \u0130leti\u015fime Ge\u00e7 Ev Temizli\u011fi \u00a0 Ordu \u00dcnye Ev Temizli\u011fi: Profesyonel ve G\u00fcvenilir Hizmet Sel Temizlik, Ordu \u00dcnye b\u00f6lgesindeki evlerin ihtiya\u00e7lar\u0131na \u00f6zel, profesyonel ve g\u00fcvenilir ev temizli\u011fi hizmeti sunmaktad\u0131r. Evlerinizdeki temizlik ihtiya\u00e7lar\u0131n\u0131za \u00e7\u00f6z\u00fcm bulmak, sadece temiz bir \u00e7evre&#8230;<\/p>\n","protected":false},"author":1,"featured_media":0,"parent":0,"menu_order":0,"comment_status":"closed","ping_status":"closed","template":"template-builder.php","meta":{"ngg_post_thumbnail":0,"footnotes":""},"_links":{"self":[{"href":"https:\/\/seltemizlikunye.com\/index.php?rest_route=\/wp\/v2\/pages\/2619"}],"collection":[{"href":"https:\/\/seltemizlikunye.com\/index.php?rest_route=\/wp\/v2\/pages"}],"about":[{"href":"https:\/\/seltemizlikunye.com\/index.php?rest_route=\/wp\/v2\/types\/page"}],"author":[{"embeddable":true,"href":"https:\/\/seltemizlikunye.com\/index.php?rest_route=\/wp\/v2\/users\/1"}],"replies":[{"embeddable":true,"href":"https:\/\/seltemizlikunye.com\/index.php?rest_route=%2Fwp%2Fv2%2Fcomments&post=2619"}],"version-history":[{"count":6,"href":"https:\/\/seltemizlikunye.com\/index.php?rest_route=\/wp\/v2\/pages\/2619\/revisions"}],"predecessor-version":[{"id":2639,"href":"https:\/\/seltemizlikunye.com\/index.php?rest_route=\/wp\/v2\/pages\/2619\/revisions\/2639"}],"wp:attachment":[{"href":"https:\/\/seltemizlikunye.com\/index.php?rest_route=%2Fwp%2Fv2%2Fmedia&parent=2619"}],"curies":[{"name":"wp","href":"https:\/\/api.w.org\/{rel}","templated":true}]}}