{"id":23,"date":"2023-10-02T01:52:44","date_gmt":"2023-10-02T01:52:44","guid":{"rendered":"https:\/\/themeholy.com\/wordpress\/poolax\/?page_id=23"},"modified":"2025-04-23T00:08:09","modified_gmt":"2025-04-23T00:08:09","slug":"hakkimizda","status":"publish","type":"page","link":"https:\/\/seltemizlikunye.com\/?page_id=23","title":{"rendered":"Hakk\u0131m\u0131zda"},"content":{"rendered":"\t\t<div data-elementor-type=\"wp-page\" data-elementor-id=\"23\" class=\"elementor elementor-23\">\n\t\t\t\t<div class=\"elementor-element elementor-element-069faaf e-flex e-con-boxed e-con e-parent\" data-id=\"069faaf\" data-element_type=\"container\">\n\t\t\t\t\t<div class=\"e-con-inner\">\n\t\t\r\n\t\t<div class=\"elementor-element elementor-element-f626244 elementor-widget elementor-widget-poolaxshapeimage\" data-id=\"f626244\" data-element_type=\"widget\" data-widget_type=\"poolaxshapeimage.default\">\n\t\t\t\t<div class=\"elementor-widget-container\">\n\t\t\t\t\t<!-- Image --><div class=\"shape-mockup   \" data-top=\"-15%\" data-left=\"-3%\"><img decoding=\"async\" src=\"https:\/\/themeholy.com\/wordpress\/poolax\/wp-content\/uploads\/2023\/10\/shape_1.png\" alt=\"\u00dcnye Temizlik\" ><\/div><!-- End Image -->\t\t\t\t<\/div>\n\t\t\t\t<\/div>\n\t\t<div class=\"elementor-element elementor-element-005f89e e-con-full wow fadeInLeft e-flex e-con e-child\" data-id=\"005f89e\" data-element_type=\"container\">\n\t\t\t\t<div class=\"elementor-element elementor-element-3d90f79 elementor-widget elementor-widget-poolaximage\" data-id=\"3d90f79\" data-element_type=\"widget\" data-widget_type=\"poolaximage.default\">\n\t\t\t\t<div class=\"elementor-widget-container\">\n\t\t\t\t\t<div class=\"img-box1\"><div class=\"img1\"><img decoding=\"async\" src=\"http:\/\/seltemizlikunye.com\/wp-content\/uploads\/2024\/02\/cdc-jjrXvzbqC5E-unsplash-scaled.jpg\" alt=\"cdc jjrXvzbqC5E unsplash scaled\"  \/><\/div><div class=\"img2 global-img movingX\"><img decoding=\"async\" src=\"http:\/\/seltemizlikunye.com\/wp-content\/uploads\/2024\/02\/temizlikunye.webp\" alt=\"temizlikunye\"  \/><\/div><div class=\"th-experience jump\"><h3 class=\"experience-year\"><span class=\"counter-number\">15<\/span>+<\/h3><p class=\"experience-text\">Y\u0131ll\u0131k Deneyim<\/p><\/div><\/div>\t\t\t\t<\/div>\n\t\t\t\t<\/div>\n\t\t\t\t<\/div>\n\t\t<div class=\"elementor-element elementor-element-cd4707e e-con-full wow fadeInRight e-flex e-con e-child\" data-id=\"cd4707e\" data-element_type=\"container\">\n\t\t\t\t<div class=\"elementor-element elementor-element-68a0a53 elementor-widget elementor-widget-poolaxsectiontitle\" data-id=\"68a0a53\" data-element_type=\"widget\" data-widget_type=\"poolaxsectiontitle.default\">\n\t\t\t\t<div class=\"elementor-widget-container\">\n\t\t\t\t\t<br \/>\n<b>Warning<\/b>:  Undefined array key \"section_align\" in <b>\/home\/u389087266\/domains\/seltemizlikunye.com\/public_html\/wp-content\/plugins\/poolax-core\/addons\/widgets\/poolax-section-title.php<\/b> on line <b>137<\/b><br \/>\n<br \/>\n<b>Warning<\/b>:  Undefined array key \"section_align\" in <b>\/home\/u389087266\/domains\/seltemizlikunye.com\/public_html\/wp-content\/plugins\/poolax-core\/addons\/widgets\/poolax-section-title.php<\/b> on line <b>139<\/b><br \/>\n<br \/>\n<b>Warning<\/b>:  Undefined array key \"section_align\" in <b>\/home\/u389087266\/domains\/seltemizlikunye.com\/public_html\/wp-content\/plugins\/poolax-core\/addons\/widgets\/poolax-section-title.php<\/b> on line <b>141<\/b><br \/>\n\t\t<div class=\"title-area  \">\r\n\t\t\t\t\t\t<span class=\"sub-title style1\">\r\n\t\t\t\t\t\t\t\tSel Temizlik \u00dcnye\t\t\t<\/span>\r\n\t\t\t\t\t\t<h2 class=\"sec-title\">Hakk\u0131m\u0131zda<\/h2>\t\t<\/div>\r\n\r\n\t\t\t\t\t<\/div>\n\t\t\t\t<\/div>\n\t\t\t\t<div class=\"elementor-element elementor-element-df9be0f elementor-widget elementor-widget-poolaxinfobox\" data-id=\"df9be0f\" data-element_type=\"widget\" data-widget_type=\"poolaxinfobox.default\">\n\t\t\t\t<div class=\"elementor-widget-container\">\n\t\t\t\t\t<div class=\"checklist style2\">\r\n<p>Firmam\u0131z, temizlik ve ha\u015fere ila\u00e7lama sekt\u00f6r\u00fcnde uzman bir firmad\u0131r.\r\n\r\nHedefimiz, m\u00fc\u015fterilerimize temiz ve sa\u011fl\u0131kl\u0131 bir ya\u015fam alan\u0131 sunmakt\u0131r. Bunu deneyimli ve uzman ekibimiz, kaliteli ve g\u00fcvenilir hizmetlerimiz, uygun fiyatlar\u0131m\u0131z ve %100 m\u00fc\u015fteri memnuniyeti garantimiz ile ger\u00e7ekle\u015ftiriyoruz.\r\n<br><br>\r\n\r\nMisyonumuz, m\u00fc\u015fterilerimize en y\u00fcksek kalitede temizlik ve ha\u015fere ila\u00e7lama hizmetlerini sunarak, temiz ve sa\u011fl\u0131kl\u0131 bir ya\u015fam alan\u0131na sahip olmalar\u0131na yard\u0131mc\u0131 olmakt\u0131r. \r\n\r\n<br><br>\r\n\r\n\r\nVizyonumuz, temizlik ve ha\u015fere ila\u00e7lama sekt\u00f6r\u00fcnde lider firma olmak ve sekt\u00f6re \u00f6nc\u00fcl\u00fck etmektir..<\/p><\/div><div class=\"btn-group justify-content-start\"><\/div>\t\t\t\t<\/div>\n\t\t\t\t<\/div>\n\t\t\t\t<\/div>\n\t\t\t\t\t<\/div>\n\t\t\t\t<\/div>\n\t\t<div class=\"elementor-element elementor-element-4a32414 e-flex e-con-boxed e-con e-parent\" data-id=\"4a32414\" data-element_type=\"container\" data-settings=\"{&quot;background_background&quot;:&quot;classic&quot;}\">\n\t\t\t\t\t<div class=\"e-con-inner\">\n\t\t\t\t<div class=\"elementor-element elementor-element-500a92f elementor-widget elementor-widget-poolaxcounterup\" data-id=\"500a92f\" data-element_type=\"widget\" data-widget_type=\"poolaxcounterup.default\">\n\t\t\t\t<div class=\"elementor-widget-container\">\n\t\t\t\t\t<div class=\"counter-sec\"><div class=\"th-counterup wow fadeInLeft\"><div class=\"inner\"><div class=\"content\"><h3 class=\"counter\"><span class=\"odometer\" data-count=\"565\">00<\/span><span class=\"counter-number\">+<\/span><\/h3><p class=\"counter-box_text\">Tamamlanan Proje<\/p><\/div><\/div><\/div><div class=\"th-counterup wow fadeInLeft\"><div class=\"inner\"><div class=\"content\"><h3 class=\"counter\"><span class=\"odometer\" data-count=\"164\">00<\/span><span class=\"counter-number\">+<\/span><\/h3><p class=\"counter-box_text\">\u00c7al\u0131\u015fan<\/p><\/div><\/div><\/div><div class=\"th-counterup wow fadeInLeft\"><div class=\"inner\"><div class=\"content\"><h3 class=\"counter\"><span class=\"odometer\" data-count=\"100\">00<\/span><span class=\"counter-number\">+<\/span><\/h3><p class=\"counter-box_text\">Farkl\u0131 Firma Anla\u015fmas\u0131<\/p><\/div><\/div><\/div><div class=\"th-counterup wow fadeInLeft\"><div class=\"inner\"><div class=\"content\"><h3 class=\"counter\"><span class=\"odometer\" data-count=\"5\">00<\/span><span class=\"counter-number\">+<\/span><\/h3><p class=\"counter-box_text\">Y\u0131ll\u0131k Tecr\u00fcbe<\/p><\/div><\/div><\/div><\/div>\t\t\t\t<\/div>\n\t\t\t\t<\/div>\n\t\t\t\t\t<\/div>\n\t\t\t\t<\/div>\n\t\t<div class=\"elementor-element elementor-element-2fec523 e-flex e-con-boxed e-con e-parent\" data-id=\"2fec523\" data-element_type=\"container\" data-settings=\"{&quot;background_background&quot;:&quot;classic&quot;}\">\n\t\t\t\t\t<div class=\"e-con-inner\">\n\t\t\t\t<div class=\"elementor-element elementor-element-95fd8c5 elementor-widget elementor-widget-poolaxsectiontitle\" data-id=\"95fd8c5\" data-element_type=\"widget\" data-widget_type=\"poolaxsectiontitle.default\">\n\t\t\t\t<div class=\"elementor-widget-container\">\n\t\t\t\t\t\t\t<div class=\"title-area text-center \">\r\n\t\t\t\t\t\t<span class=\"sub-title \">\r\n\t\t\t\t\t\t\t\tSEL TEM\u0130ZL\u0130K \u00dcNYE\t\t\t<\/span>\r\n\t\t\t\t\t\t<h2 class=\"sec-title\">\u00c7ALI\u015eMA S\u00dcREC\u0130M\u0130Z<\/h2>\t\t<\/div>\r\n\r\n\t\t\t\t\t<\/div>\n\t\t\t\t<\/div>\n\t\t\t\t<div class=\"elementor-element elementor-element-9779145 elementor-widget elementor-widget-poolaxstep\" data-id=\"9779145\" data-element_type=\"widget\" data-widget_type=\"poolaxstep.default\">\n\t\t\t\t<div class=\"elementor-widget-container\">\n\t\t\t\t\t<div class=\"step-wrap\"><div class=\"process-line\"><img decoding=\"async\" src=\"https:\/\/themeholy.com\/wordpress\/poolax\/wp-content\/uploads\/2023\/10\/process-line2.png\" alt=\"process line2\"  \/><\/div><div class=\"process-card_wrapp\"><div class=\"process-card\"><div class=\"process-card_icon\"><span class=\"number\">01<\/span><\/div><div class=\"process-card_content\"><h2 class=\"box-title th-title\">Ke\u015fif ve Fiyat Teklifi<\/h2><p class=\"process-card_text th-desc\">Ke\u015fif s\u0131ras\u0131nda, mekan\u0131n\u0131z\u0131n b\u00fcy\u00fckl\u00fc\u011f\u00fcn\u00fc, temizlik veya ila\u00e7lama ihtiyac\u0131n\u0131z\u0131 ve di\u011fer detaylar\u0131 \u00f6\u011freniyoruz.<\/p><\/div><div class=\"process-card_img\"><img decoding=\"async\" src=\"https:\/\/themeholy.com\/wordpress\/poolax\/wp-content\/uploads\/2023\/10\/process_2_1.svg\" alt=\"process_2_1\"  \/><\/div><\/div><div class=\"process-card\"><div class=\"process-card_icon\"><span class=\"number\">02<\/span><\/div><div class=\"process-card_content\"><h2 class=\"box-title th-title\">Planlama ve Haz\u0131rl\u0131k<\/h2><p class=\"process-card_text th-desc\">Fiyat teklifimizi kabul etmeniz halinde, hizmeti ne zaman ve nas\u0131l ger\u00e7ekle\u015ftirece\u011fimize dair bir planlama yap\u0131yoruz<\/p><\/div><div class=\"process-card_img\"><img decoding=\"async\" src=\"https:\/\/themeholy.com\/wordpress\/poolax\/wp-content\/uploads\/2023\/10\/process_2_2.svg\" alt=\"process_2_2\"  \/><\/div><\/div><div class=\"process-card\"><div class=\"process-card_icon\"><span class=\"number\">03<\/span><\/div><div class=\"process-card_content\"><h2 class=\"box-title th-title\">Hizmet Sunumu<\/h2><p class=\"process-card_text th-desc\">Deneyimli ve uzman ekibimiz, plan do\u011frultusunda hizmeti titizlikle sunar.<\/p><\/div><div class=\"process-card_img\"><img decoding=\"async\" src=\"https:\/\/themeholy.com\/wordpress\/poolax\/wp-content\/uploads\/2023\/10\/process_2_3.svg\" alt=\"process_2_3\"  \/><\/div><\/div><div class=\"process-card\"><div class=\"process-card_icon\"><span class=\"number\">04<\/span><\/div><div class=\"process-card_content\"><h2 class=\"box-title th-title\">M\u00fc\u015fteri Memnuniyeti<\/h2><p class=\"process-card_text th-desc\">Hizmetin tamamlanmas\u0131 sonras\u0131nda, mekan\u0131n\u0131z\u0131 kontrol ederek sizden onay al\u0131yoruz<\/p><\/div><div class=\"process-card_img\"><img decoding=\"async\" src=\"https:\/\/themeholy.com\/wordpress\/poolax\/wp-content\/uploads\/2023\/10\/process_2_4.svg\" alt=\"process_2_4\"  \/><\/div><\/div><\/div><\/div>\t\t\t\t<\/div>\n\t\t\t\t<\/div>\n\t\t\t\t\t<\/div>\n\t\t\t\t<\/div>\n\t\t\t\t<\/div>\n\t\t","protected":false},"excerpt":{"rendered":"<p>15+ Y\u0131ll\u0131k Deneyim Sel Temizlik \u00dcnye Hakk\u0131m\u0131zda Firmam\u0131z, temizlik ve ha\u015fere ila\u00e7lama sekt\u00f6r\u00fcnde uzman bir firmad\u0131r. Hedefimiz, m\u00fc\u015fterilerimize temiz ve sa\u011fl\u0131kl\u0131 bir ya\u015fam alan\u0131 sunmakt\u0131r. Bunu deneyimli ve uzman ekibimiz, kaliteli ve g\u00fcvenilir hizmetlerimiz, uygun fiyatlar\u0131m\u0131z ve %100 m\u00fc\u015fteri memnuniyeti garantimiz ile ger\u00e7ekle\u015ftiriyoruz. Misyonumuz, m\u00fc\u015fterilerimize en y\u00fcksek kalitede temizlik ve ha\u015fere ila\u00e7lama hizmetlerini sunarak, temiz&#8230;<\/p>\n","protected":false},"author":1,"featured_media":0,"parent":0,"menu_order":0,"comment_status":"closed","ping_status":"closed","template":"template-builder.php","meta":{"ngg_post_thumbnail":0,"footnotes":""},"_links":{"self":[{"href":"https:\/\/seltemizlikunye.com\/index.php?rest_route=\/wp\/v2\/pages\/23"}],"collection":[{"href":"https:\/\/seltemizlikunye.com\/index.php?rest_route=\/wp\/v2\/pages"}],"about":[{"href":"https:\/\/seltemizlikunye.com\/index.php?rest_route=\/wp\/v2\/types\/page"}],"author":[{"embeddable":true,"href":"https:\/\/seltemizlikunye.com\/index.php?rest_route=\/wp\/v2\/users\/1"}],"replies":[{"embeddable":true,"href":"https:\/\/seltemizlikunye.com\/index.php?rest_route=%2Fwp%2Fv2%2Fcomments&post=23"}],"version-history":[{"count":20,"href":"https:\/\/seltemizlikunye.com\/index.php?rest_route=\/wp\/v2\/pages\/23\/revisions"}],"predecessor-version":[{"id":2778,"href":"https:\/\/seltemizlikunye.com\/index.php?rest_route=\/wp\/v2\/pages\/23\/revisions\/2778"}],"wp:attachment":[{"href":"https:\/\/seltemizlikunye.com\/index.php?rest_route=%2Fwp%2Fv2%2Fmedia&parent=23"}],"curies":[{"name":"wp","href":"https:\/\/api.w.org\/{rel}","templated":true}]}}